{"id":143,"date":"2020-01-26T18:06:37","date_gmt":"2020-01-26T17:06:37","guid":{"rendered":"https:\/\/laboratorium.al.uw.edu.pl\/bestiariusz\/?page_id=143"},"modified":"2021-09-14T22:31:53","modified_gmt":"2021-09-14T20:31:53","slug":"biogramy","status":"publish","type":"page","link":"https:\/\/laboratorium.al.uw.edu.pl\/bestiariusz\/biogramy\/","title":{"rendered":"Autorzy \u017ar\u00f3de\u0142"},"content":{"rendered":"\n<p><a href=\"https:\/\/laboratorium.al.uw.edu.pl\/bestiariusz\/biogramy\/michal-boym\/\" target=\"_blank\" rel=\"noreferrer noopener\">Micha\u0142 Boym (1612-1659)<\/a><\/p>\n\n\n\n<p><a href=\"https:\/\/laboratorium.al.uw.edu.pl\/bestiariusz\/biogramy\/benedykt-chmielowski\/\">B<\/a><a rel=\"noreferrer noopener\" href=\"https:\/\/laboratorium.al.uw.edu.pl\/bestiariusz\/biogramy\/benedykt-chmielowski\/\" target=\"_blank\">enedykt Chmielowski (1700-1763)<\/a><\/p>\n\n\n\n<p><a href=\"https:\/\/laboratorium.al.uw.edu.pl\/bestiariusz\/biogramy\/stanislaw-czerniecki-xvii-w-przed-1716\/\" target=\"_blank\" rel=\"noreferrer noopener\">Stanis\u0142aw Czerniecki (XVII w. &#8211; przed 1716)<\/a><\/p>\n\n\n\n<p><a rel=\"noreferrer noopener\" href=\"https:\/\/laboratorium.al.uw.edu.pl\/bestiariusz\/biogramy\/teodor-anzelm-dzwonkowski-1764-1850\/\" target=\"_blank\">Teodor Anzelm Dzwonkowski (1764-1850)<\/a><\/p>\n\n\n\n<p><a rel=\"noreferrer noopener\" href=\"https:\/\/laboratorium.al.uw.edu.pl\/bestiariusz\/biogramy\/stefan-falimirz-i-pol-xvi-w\/\" target=\"_blank\">Stefan Falimirz (I po\u0142. XVI w.)<\/a><\/p>\n\n\n\n<p><a href=\"https:\/\/laboratorium.al.uw.edu.pl\/bestiariusz\/biogramy\/mikolaj-hussowski-ok-1475-po-1533\/\" target=\"_blank\" rel=\"noreferrer noopener\">Miko\u0142aj Hussowski (ok. 1475 \u2013 po 1533)<\/a><\/p>\n\n\n\n<p><a href=\"https:\/\/laboratorium.al.uw.edu.pl\/bestiariusz\/biogramy\/jan-jonston-1603-1675\/\">J<\/a><a rel=\"noreferrer noopener\" href=\"https:\/\/laboratorium.al.uw.edu.pl\/bestiariusz\/biogramy\/jan-jonston-1603-1675\/\" target=\"_blank\">an Jonston (1<\/a><a href=\"https:\/\/laboratorium.al.uw.edu.pl\/bestiariusz\/biogramy\/jan-jonston-1603-1675\/\" target=\"_blank\" rel=\"noreferrer noopener\">603-1675)<\/a><\/p>\n\n\n\n<p><a href=\"https:\/\/laboratorium.al.uw.edu.pl\/bestiariusz\/biogramy\/jan-krzysztof-kluk-1739-1796\/\" target=\"_blank\" rel=\"noreferrer noopener\">Jan Krzysztof Kluk (1739-1796)<\/a><\/p>\n\n\n\n<p><a rel=\"noreferrer noopener\" href=\"https:\/\/laboratorium.al.uw.edu.pl\/bestiariusz\/biogramy\/krzysztof-pawlowski-zm-1603\/\" target=\"_blank\">Krzysztof Paw\u0142owski (zm. 1603)<\/a><\/p>\n\n\n\n<p><a href=\"https:\/\/laboratorium.al.uw.edu.pl\/bestiariusz\/biogramy\/jan-potocki-1761-1815\/\" target=\"_blank\" rel=\"noreferrer noopener\">Jan Potocki (1761-1815)<\/a><\/p>\n\n\n\n<p><a href=\"https:\/\/laboratorium.al.uw.edu.pl\/bestiariusz\/biogramy\/mikolaj-krzysztof-radziwill-zwany-sierotka\/\" target=\"_blank\" rel=\"noreferrer noopener\">Miko\u0142aj Krzysztof Radziwi\u0142\u0142 zwany &#8222;Sierotk\u0105&#8221; (1549-1616)<\/a><\/p>\n\n\n\n<p><a href=\"https:\/\/laboratorium.al.uw.edu.pl\/bestiariusz\/biogramy\/gabriel-rzaczynski-1664-1737\/\" target=\"_blank\" rel=\"noreferrer noopener\">Gabriel Rz\u0105czy\u0144ski (1664\u20131737)<\/a><\/p>\n\n\n\n<p><a href=\"https:\/\/laboratorium.al.uw.edu.pl\/bestiariusz\/biogramy\/jozef-maksymilian-kajetan-wiklinski-1750-po-1783\/\" target=\"_blank\" rel=\"noreferrer noopener\">J\u00f3zef Maksymilian Kajetan Wikli\u0144ski (1750 &#8211; po 1783)<\/a><\/p>\n","protected":false},"excerpt":{"rendered":"<p>Micha\u0142 Boym (1612-1659) Benedykt Chmielowski (1700-1763) Stanis\u0142aw Czerniecki (XVII w. &#8211; przed 1716) Teodor Anzelm Dzwonkowski (1764-1850) Stefan Falimirz (I po\u0142. XVI w.) Miko\u0142aj Hussowski (ok. 1475 \u2013 po 1533) Jan Jonston (1603-1675) Jan Krzysztof Kluk (1739-1796) Krzysztof Paw\u0142owski (zm. 1603) Jan Potocki (1761-1815) Miko\u0142aj Krzysztof Radziwi\u0142\u0142 zwany &#8222;Sierotk\u0105&#8221; (1549-1616) Gabriel Rz\u0105czy\u0144ski (1664\u20131737) J\u00f3zef Maksymilian&#8230; <\/p>\n<div class=\"link-more\"><a href=\"https:\/\/laboratorium.al.uw.edu.pl\/bestiariusz\/biogramy\/\">Read More<\/a><\/div>\n","protected":false},"author":178586772,"featured_media":0,"parent":0,"menu_order":0,"comment_status":"closed","ping_status":"closed","template":"","meta":{"_coblocks_attr":"","_coblocks_dimensions":"","_coblocks_responsive_height":"","_coblocks_accordion_ie_support":"","advanced_seo_description":"","spay_email":"","_starter_page_template":""},"jetpack_likes_enabled":true,"jetpack_sharing_enabled":true,"jetpack_shortlink":"https:\/\/wp.me\/PbCgRD-2j","amp_enabled":true,"_links":{"self":[{"href":"https:\/\/laboratorium.al.uw.edu.pl\/bestiariusz\/wp-json\/wp\/v2\/pages\/143"}],"collection":[{"href":"https:\/\/laboratorium.al.uw.edu.pl\/bestiariusz\/wp-json\/wp\/v2\/pages"}],"about":[{"href":"https:\/\/laboratorium.al.uw.edu.pl\/bestiariusz\/wp-json\/wp\/v2\/types\/page"}],"author":[{"embeddable":true,"href":"https:\/\/laboratorium.al.uw.edu.pl\/bestiariusz\/wp-json\/wp\/v2\/users\/178586772"}],"replies":[{"embeddable":true,"href":"https:\/\/laboratorium.al.uw.edu.pl\/bestiariusz\/wp-json\/wp\/v2\/comments?post=143"}],"version-history":[{"count":21,"href":"https:\/\/laboratorium.al.uw.edu.pl\/bestiariusz\/wp-json\/wp\/v2\/pages\/143\/revisions"}],"predecessor-version":[{"id":884,"href":"https:\/\/laboratorium.al.uw.edu.pl\/bestiariusz\/wp-json\/wp\/v2\/pages\/143\/revisions\/884"}],"wp:attachment":[{"href":"https:\/\/laboratorium.al.uw.edu.pl\/bestiariusz\/wp-json\/wp\/v2\/media?parent=143"}],"curies":[{"name":"wp","href":"https:\/\/api.w.org\/{rel}","templated":true}]}}