{"id":180,"date":"2020-02-02T21:04:21","date_gmt":"2020-02-02T20:04:21","guid":{"rendered":"https:\/\/laboratorium.al.uw.edu.pl\/bestiariusz\/?page_id=180"},"modified":"2021-05-04T13:32:21","modified_gmt":"2021-05-04T11:32:21","slug":"jan-jonston-1603-1675","status":"publish","type":"page","link":"https:\/\/laboratorium.al.uw.edu.pl\/bestiariusz\/biogramy\/jan-jonston-1603-1675\/","title":{"rendered":"Jan Jonston (1603-1675)"},"content":{"rendered":"\n<h2><strong>Polski lekarz, przyrodnik i filozof szkockiego pochodzenia. Cieszy\u0142 si\u0119 uznaniem w\u015br\u00f3d europejskich \u015brodowisk naukowych jako autor prac z dziedziny historii naturalnej. By\u0142 r\u00f3wnie\u017c pierwszym mieszka\u0144cem Rzeczypospolitej Obojga Narod\u00f3w, kt\u00f3ry stworzy\u0142 kompendium przyrodnicze.<\/strong><\/h2>\n\n\n\n<p>Jan Jonston urodzi\u0142 si\u0119 w 1603 roku w Szamotu\u0142ach. By\u0142 synem Szkota, Szymona Johnstona (zm. 1618), kalwina, kt\u00f3ry pod koniec XVI wieku opu\u015bci\u0142 sw\u00f3j kraj, prawdopodobnie przed prze\u015bladowaniami religijnymi, i Anny Becker (zm. 1617), mieszczanki szamotulskiej. Rodzice Jana pobrali si\u0119 w 1601 roku.<\/p>\n\n\n\n<p>Jan, podobnie jak ojciec, by\u0142 kalwinem. Uczy\u0142 si\u0119 kolejno w szkole braci czeskich w Ostrorogu (1611-1614), gimnazjum ewangelickim w Bytomiu Odrza\u0144skim (1614-1619) i w gimnazjum w Toruniu (1619-1623). Zamierza\u0142 p\u00f3j\u015b\u0107 na Uniwersytet Jagiello\u0144ski, jednak na przeszkodzie stan\u0119\u0142y sprawy wyznaniowe. W latach 1623-1625 studiowa\u0142 j\u0119zyk hebrajski, filozofi\u0119 scholastyczn\u0105 i teologi\u0119 na Uniwersytecie w Saint Andrews w Szkocji.<\/p>\n\n\n\n<p>W 1625 roku powr\u00f3ci\u0142 do Rzeczypospolitej i osiad\u0142 w Lesznie, gdzie pracowa\u0142 jako wychowawca m\u0142odzie\u017cy w rodzinie Kurzbach-Zawadzkich: W\u0142adys\u0142awa i Andrzeja. W czerwcu 1628 roku Jan uda\u0142 si\u0119 w sw\u0105 drug\u0105 podr\u00f3\u017c zagraniczn\u0105, jako wychowawca i przewodnik swych podopiecznych. Odwiedzi\u0142 w\u00f3wczas ziemie niemieckie, Niderlandy, a tak\u017ce Angli\u0119. W czasie tej wyprawy sam pobiera\u0142 nauki na odwiedzanych uniwersytetach, g\u0142\u00f3wnie w zakresie medycyny i bada\u0144 przyrodniczych. W sierpniu 1631 roku Jonston powr\u00f3ci\u0142 do Leszna, aby zosta\u0107 nauczycielem i wychowawc\u0105 Bogus\u0142awa Leszczy\u0144skiego (ok. 1612-1659), syna Rafa\u0142a (1579-1636), wojewody be\u0142skiego.<\/p>\n\n\n\n<p>W lutym 1632 roku uda\u0142 si\u0119 w kolejn\u0105 zagraniczn\u0105 podr\u00f3\u017c edukacyjn\u0105, tym razem z m\u0142odym Leszczy\u0144skim i towarzysz\u0105cym mu W\u0142adys\u0142awem Dorohostajskim, synem marsza\u0142ka litewskiego. Przez ziemie niemieckie, w sierpniu dotar\u0142 do niderlandzkiej Lejdy, gdzie ze swoimi wychowankami sp\u0119dzi\u0142 dwa lata, samemu studiuj\u0105c medycyn\u0119. W kwietniu 1634 roku Jonston uzyska\u0142 doktorat na podstawie rozprawy <em>De febribus<\/em>. Miesi\u0105c p\u00f3\u017aniej przebywa\u0142 w Anglii, gdzie w Cambridge zosta\u0142 przyj\u0119ty w poczet doktor\u00f3w medycyny tamtejszego uniwersytetu.<\/p>\n\n\n\n<p>Nast\u0119pnie przez Niderlandy, Francj\u0119, W\u0142ochy, Austri\u0119 i Morawy powr\u00f3ci\u0142 w pa\u017adzierniku 1636 roku do Leszna. Zaj\u0105\u0142 si\u0119 w\u00f3wczas praktyk\u0105 medyczn\u0105 jako lekarz nadworny Bogus\u0142awa Leszczy\u0144skiego (swojego niedawnego wychowanka) i lekarz miejski Leszna. Zosta\u0142 r\u00f3wnie\u017c cz\u0142onkiem rady pedagogicznej tamtejszego gimnazjum. Ju\u017c w\u00f3wczas zrodzi\u0142 si\u0119 u niego pomys\u0142 napisania wielkiej syntezy nauk przyrodniczych, kt\u00f3r\u0105 przygotowa\u0142 z my\u015bl\u0105 o w\u0142asnym programie nauczania historii naturalnej.<\/p>\n\n\n\n<p>Pierwsze, bogato ilustrowane wydanie jego najwybitniejszego dzie\u0142a przyrodniczego pt. <em>Theatrum Universale Historiae Naturalis<\/em> ukaza\u0142o si\u0119 w sze\u015bciu cz\u0119\u015bciach we Frankfurcie nad Menem w latach 1650-1653 (przedmow\u0119 do niego napisa\u0142 w 1649 roku w Lesznie). Encyklopedia ta stanowi\u0142a kompendium wiedzy zoologicznej od czas\u00f3w staro\u017cytnych. Przy jej tworzeniu Jonston czerpa\u0142 z ok. 150 \u017ar\u00f3de\u0142 autorstwa uznanych autorytet\u00f3w, zw\u0142aszcza z <em>Historia animalium<\/em> Konrada Gessnera i <em>Historia naturalis<\/em> Ulisessa Aldrovandiego.<\/p>\n\n\n\n<p>Tekst Jonstona liczy ponad 1500 stron i posiada oko\u0142o 300 tablic z mniej wi\u0119cej 3000 miedzioryt\u00f3w, kt\u00f3re przedstawiaj\u0105 blisko 1000 gatunk\u00f3w zwierz\u0105t. Pierwotnie przypisywano je s\u0142ynnemu rytownikowi szwajcarskiego pochodzenia Matth\u00e4usowi Merianowi (1593-1650), kt\u00f3ry by\u0142 wydawc\u0105 tego dzie\u0142a. W XX wieku badacze doszli jednak do wniosku, \u017ce Merian jedynie opracowa\u0142 wspomniane ryciny do ponownej publikacji. W wi\u0119kszo\u015bci pochodzi\u0142y one ze starszych ksi\u0105\u017cek, kt\u00f3re Jonston posiada\u0142 w swoich zbiorach.<\/p>\n\n\n\n<p>Pomimo, \u017ce praca Jonstona zawiera wiele informacji, kt\u00f3re dzisiaj zaklasyfikowaliby\u015bmy raczej do fantastyki (du\u017co p\u00f3\u017aniejsze <em>Nowe Ateny <\/em>Benedykta Chmielowskiego (1700-1763) wcale si\u0119 pod tym wzgl\u0119dem nie r\u00f3\u017cni\u0142y), jego naukow\u0105 cz\u0119\u015b\u0107 nale\u017cy oceni\u0107, jak na owe czasy, bardzo wysoko. Przez wiele lat dzie\u0142o to cieszy\u0142o si\u0119 ogromnym uznaniem, czego dowodem by\u0142y kilkukrotne wznowienia i przek\u0142ady na j\u0119zyk holenderski, angielski i francuski w XVII i XVIII wieku.<\/p>\n\n\n\n<p>W czasie potopu szwedzkiego, po spaleniu Leszna w kwietniu 1656 roku Jonston wyjecha\u0142 z Rzeczypospolitej na \u015al\u0105sk. Najpierw zamieszka\u0142 w Siedliskach, sk\u0105d uda\u0142 si\u0119 do w\u0142asnego maj\u0105tku w Ziebendorff (obecnie Sk\u0142adowice) w ksi\u0119stwie legnickim, kt\u00f3ry naby\u0142 jeszcze w 1652 roku. Zaj\u0105\u0142 si\u0119 w\u00f3wczas badaniami naukowymi i wydawa\u0142 kolejne dzie\u0142a. Tam te\u017c zmar\u0142 w 1675 roku. Pochowano go na cmentarzu kalwi\u0144skim w Lesznie.<\/p>\n\n\n\n<p>By\u0142 Jonston jedynym w XVII stuleciu powszechnie znanym w Europie przyrodnikiem z Rzeczypospolitej. Jest to tym bardziej istotne, \u017ce, mimo swego szkockiego pochodzenia, naukowiec ten uto\u017csamia\u0142 si\u0119 z Polsk\u0105, gdzie mieszka\u0142 i tworzy\u0142 przez wi\u0119kszo\u015b\u0107 swojego \u017cycia (cz\u0119sto podpisywa\u0142 si\u0119 w oficjalnych dokumentach jako Scoto-Polonus). W ci\u0105gu swego \u017cycia wielokrotnie otrzymywa\u0142 i odrzuca\u0142 propozycje obj\u0119cia katedr na zachodnioeuropejskich uniwersytetach (m.in. w Deventer, Lejdzie i Frankfurcie).<\/p>\n\n\n\n<p>Przyrodnik stworzy\u0142 \u0142\u0105cznie ok. 35 dzie\u0142. Do innych jego prac, niewymienionych wy\u017cej, nale\u017c\u0105 m.in. zarys medycznych w\u0142a\u015bciwo\u015bci przyrody <em>Thaumatographia naturalis in decem classes distincta <\/em>(Amsterdam 1632), traktat filozoficzny <em>Naturae Constantia<\/em> (Amterdam 1634), podr\u0119cznik do medycyny <em>Idea Universae Medicinae<\/em> (Amsterdam 1644) i praca botaniczna <em>Dendrographia sive Historiae Naturalis de Arboribus et Fructibus\u2026<\/em> (Frankfurt 1662).<\/p>\n\n\n\n<figure class=\"wp-block-gallery columns-3 is-cropped\"><ul data-carousel-extra='{\"blog_id\":1,\"permalink\":\"https:\\\/\\\/laboratorium.al.uw.edu.pl\\\/bestiariusz\\\/biogramy\\\/jan-jonston-1603-1675\\\/\"}' class=\"blocks-gallery-grid\"><li class=\"blocks-gallery-item\"><figure><img data-attachment-id=\"241\" data-permalink=\"https:\/\/laboratorium.al.uw.edu.pl\/bestiariusz\/biogramy\/jan-jonston-1603-1675\/jan-jonston\/\" data-orig-file=\"https:\/\/laboratorium.al.uw.edu.pl\/bestiariusz\/wp-content\/uploads\/2020\/02\/johnston_portrait.jpg\" data-orig-size=\"1090,1541\" data-comments-opened=\"0\" data-image-meta=\"{&quot;aperture&quot;:&quot;0&quot;,&quot;credit&quot;:&quot;Christian Romstet&quot;,&quot;camera&quot;:&quot;&quot;,&quot;caption&quot;:&quot;Jan Jonston&quot;,&quot;created_timestamp&quot;:&quot;0&quot;,&quot;copyright&quot;:&quot;&quot;,&quot;focal_length&quot;:&quot;0&quot;,&quot;iso&quot;:&quot;0&quot;,&quot;shutter_speed&quot;:&quot;0&quot;,&quot;title&quot;:&quot;Jan Jonston&quot;,&quot;orientation&quot;:&quot;0&quot;}\" data-image-title=\"Jan Jonston, &#8222;Historiae naturalis de quadrupetibus libri: cum aeneis figuris&#8221;, Francofurti ad Moenum ok. 1650-1653, s.n.\" data-image-description=\"\" data-image-caption=\"&lt;p&gt;Jan Jonston&lt;\/p&gt;\n\" data-medium-file=\"https:\/\/laboratorium.al.uw.edu.pl\/bestiariusz\/wp-content\/uploads\/2020\/02\/johnston_portrait.jpg\" data-large-file=\"https:\/\/laboratorium.al.uw.edu.pl\/bestiariusz\/wp-content\/uploads\/2020\/02\/johnston_portrait.jpg\" loading=\"lazy\" width=\"1090\" height=\"1541\" src=\"https:\/\/laboratorium.al.uw.edu.pl\/bestiariusz\/wp-content\/uploads\/2020\/02\/johnston_portrait.jpg?w=724\" alt=\"\" data-id=\"241\" class=\"wp-image-241\" \/><figcaption class=\"blocks-gallery-item__caption\">Jan Jonston, <em>Historiae naturalis de quadrupetibus libri: cum aeneis figuris<\/em>, Francofurti ad Moenum ok. 1650-1653, s.n.<\/figcaption><\/figure><\/li><li class=\"blocks-gallery-item\"><figure><img data-attachment-id=\"245\" data-permalink=\"https:\/\/laboratorium.al.uw.edu.pl\/bestiariusz\/biogramy\/jan-jonston-1603-1675\/historiae-naturalis-de-quadrupedibus\/\" data-orig-file=\"https:\/\/laboratorium.al.uw.edu.pl\/bestiariusz\/wp-content\/uploads\/2020\/02\/historiae-naturalis-de-quadrupedibus.jpg\" data-orig-size=\"2899,4518\" data-comments-opened=\"0\" data-image-meta=\"{&quot;aperture&quot;:&quot;0&quot;,&quot;credit&quot;:&quot;&quot;,&quot;camera&quot;:&quot;&quot;,&quot;caption&quot;:&quot;&quot;,&quot;created_timestamp&quot;:&quot;0&quot;,&quot;copyright&quot;:&quot;&quot;,&quot;focal_length&quot;:&quot;0&quot;,&quot;iso&quot;:&quot;0&quot;,&quot;shutter_speed&quot;:&quot;0&quot;,&quot;title&quot;:&quot;&quot;,&quot;orientation&quot;:&quot;0&quot;}\" data-image-title=\"Jan Jonston, Historiae naturalis de quadrupedibus libri cum aeneis figuris, Amstelodami 1657.\" data-image-description=\"\" data-image-caption=\"\" data-medium-file=\"https:\/\/laboratorium.al.uw.edu.pl\/bestiariusz\/wp-content\/uploads\/2020\/02\/historiae-naturalis-de-quadrupedibus.jpg\" data-large-file=\"https:\/\/laboratorium.al.uw.edu.pl\/bestiariusz\/wp-content\/uploads\/2020\/02\/historiae-naturalis-de-quadrupedibus.jpg\" loading=\"lazy\" width=\"2899\" height=\"4518\" src=\"https:\/\/laboratorium.al.uw.edu.pl\/bestiariusz\/wp-content\/uploads\/2020\/02\/historiae-naturalis-de-quadrupedibus.jpg?w=657\" data-id=\"245\" class=\"wp-image-245\" \/><figcaption class=\"blocks-gallery-item__caption\">Jan Jonston, <em>Historiae naturalis de quadrupedibus libri cum aeneis figuris<\/em>, Amstelodami 1657.<\/figcaption><\/figure><\/li><li class=\"blocks-gallery-item\"><figure><img data-attachment-id=\"246\" data-permalink=\"https:\/\/laboratorium.al.uw.edu.pl\/bestiariusz\/biogramy\/jan-jonston-1603-1675\/historiae-naturalis-de-insectis\/\" data-orig-file=\"https:\/\/laboratorium.al.uw.edu.pl\/bestiariusz\/wp-content\/uploads\/2020\/02\/historiae-naturalis-de-insectis.jpg\" data-orig-size=\"2823,4528\" data-comments-opened=\"0\" data-image-meta=\"{&quot;aperture&quot;:&quot;0&quot;,&quot;credit&quot;:&quot;&quot;,&quot;camera&quot;:&quot;&quot;,&quot;caption&quot;:&quot;&quot;,&quot;created_timestamp&quot;:&quot;0&quot;,&quot;copyright&quot;:&quot;&quot;,&quot;focal_length&quot;:&quot;0&quot;,&quot;iso&quot;:&quot;0&quot;,&quot;shutter_speed&quot;:&quot;0&quot;,&quot;title&quot;:&quot;&quot;,&quot;orientation&quot;:&quot;0&quot;}\" data-image-title=\"Jan Jonston, Historiae naturalis de insectis libri III, de serpentibus et draconibus libri II, cum aeneis figuris, Amsterdolami 1657.\" data-image-description=\"\" data-image-caption=\"\" data-medium-file=\"https:\/\/laboratorium.al.uw.edu.pl\/bestiariusz\/wp-content\/uploads\/2020\/02\/historiae-naturalis-de-insectis.jpg\" data-large-file=\"https:\/\/laboratorium.al.uw.edu.pl\/bestiariusz\/wp-content\/uploads\/2020\/02\/historiae-naturalis-de-insectis.jpg\" loading=\"lazy\" width=\"2823\" height=\"4528\" src=\"https:\/\/laboratorium.al.uw.edu.pl\/bestiariusz\/wp-content\/uploads\/2020\/02\/historiae-naturalis-de-insectis.jpg?w=638\" data-id=\"246\" class=\"wp-image-246\" \/><figcaption class=\"blocks-gallery-item__caption\">Jan Jonston, <em>Historiae naturalis de insectis libri III, de serpentibus et draconibus libri II, cum aeneis figuris<\/em>, Amsterdolami 1657.<\/figcaption><\/figure><\/li><li class=\"blocks-gallery-item\"><figure><img data-attachment-id=\"250\" data-permalink=\"https:\/\/laboratorium.al.uw.edu.pl\/bestiariusz\/biogramy\/jan-jonston-1603-1675\/historiae-naturalis-de-piscibus-et-cetis\/\" data-orig-file=\"https:\/\/laboratorium.al.uw.edu.pl\/bestiariusz\/wp-content\/uploads\/2020\/02\/historiae-naturalis-de-piscibus-et-cetis.jpg\" data-orig-size=\"2799,4551\" data-comments-opened=\"0\" data-image-meta=\"{&quot;aperture&quot;:&quot;0&quot;,&quot;credit&quot;:&quot;&quot;,&quot;camera&quot;:&quot;&quot;,&quot;caption&quot;:&quot;&quot;,&quot;created_timestamp&quot;:&quot;0&quot;,&quot;copyright&quot;:&quot;&quot;,&quot;focal_length&quot;:&quot;0&quot;,&quot;iso&quot;:&quot;0&quot;,&quot;shutter_speed&quot;:&quot;0&quot;,&quot;title&quot;:&quot;&quot;,&quot;orientation&quot;:&quot;0&quot;}\" data-image-title=\"Jan Jonston, Historiae naturalis de piscibus et cetis libri V cum aeneis figuris, Amstelodami 1657.\" data-image-description=\"\" data-image-caption=\"\" data-medium-file=\"https:\/\/laboratorium.al.uw.edu.pl\/bestiariusz\/wp-content\/uploads\/2020\/02\/historiae-naturalis-de-piscibus-et-cetis.jpg\" data-large-file=\"https:\/\/laboratorium.al.uw.edu.pl\/bestiariusz\/wp-content\/uploads\/2020\/02\/historiae-naturalis-de-piscibus-et-cetis.jpg\" loading=\"lazy\" width=\"2799\" height=\"4551\" src=\"https:\/\/laboratorium.al.uw.edu.pl\/bestiariusz\/wp-content\/uploads\/2020\/02\/historiae-naturalis-de-piscibus-et-cetis.jpg?w=630\" data-id=\"250\" class=\"wp-image-250\" \/><figcaption class=\"blocks-gallery-item__caption\">Jan Jonston, <em>Historiae naturalis de piscibus et cetis libri V cum aeneis figuris<\/em>, Amstelodami 1657.<\/figcaption><\/figure><\/li><li class=\"blocks-gallery-item\"><figure><img data-attachment-id=\"252\" data-permalink=\"https:\/\/laboratorium.al.uw.edu.pl\/bestiariusz\/biogramy\/jan-jonston-1603-1675\/attachment\/22303154\/\" data-orig-file=\"https:\/\/laboratorium.al.uw.edu.pl\/bestiariusz\/wp-content\/uploads\/2020\/02\/22303154.jpg\" data-orig-size=\"3099,4505\" data-comments-opened=\"0\" data-image-meta=\"{&quot;aperture&quot;:&quot;0&quot;,&quot;credit&quot;:&quot;&quot;,&quot;camera&quot;:&quot;&quot;,&quot;caption&quot;:&quot;&quot;,&quot;created_timestamp&quot;:&quot;0&quot;,&quot;copyright&quot;:&quot;&quot;,&quot;focal_length&quot;:&quot;0&quot;,&quot;iso&quot;:&quot;0&quot;,&quot;shutter_speed&quot;:&quot;0&quot;,&quot;title&quot;:&quot;&quot;,&quot;orientation&quot;:&quot;0&quot;}\" data-image-title=\"Jan Jonston, Historiae naturalis de serpentibus libri II, Amstelodami 1665.\" data-image-description=\"\" data-image-caption=\"\" data-medium-file=\"https:\/\/laboratorium.al.uw.edu.pl\/bestiariusz\/wp-content\/uploads\/2020\/02\/22303154.jpg\" data-large-file=\"https:\/\/laboratorium.al.uw.edu.pl\/bestiariusz\/wp-content\/uploads\/2020\/02\/22303154.jpg\" loading=\"lazy\" width=\"3099\" height=\"4505\" src=\"https:\/\/laboratorium.al.uw.edu.pl\/bestiariusz\/wp-content\/uploads\/2020\/02\/22303154.jpg?w=704\" data-id=\"252\" class=\"wp-image-252\" \/><figcaption class=\"blocks-gallery-item__caption\">Jan Jonston, <em>Historiae naturalis de serpentibus libri II<\/em>, Amstelodami 1665.<\/figcaption><\/figure><\/li><li class=\"blocks-gallery-item\"><figure><img data-attachment-id=\"254\" data-permalink=\"https:\/\/laboratorium.al.uw.edu.pl\/bestiariusz\/biogramy\/jan-jonston-1603-1675\/historiae-naturalis-de-avibus-libri-vi-cum-aeneis-figuris\/\" data-orig-file=\"https:\/\/laboratorium.al.uw.edu.pl\/bestiariusz\/wp-content\/uploads\/2020\/02\/historiae-naturalis-de-avibus-libri-vi-cum-aeneis-figuris.jpg\" data-orig-size=\"2823,4498\" data-comments-opened=\"0\" data-image-meta=\"{&quot;aperture&quot;:&quot;0&quot;,&quot;credit&quot;:&quot;&quot;,&quot;camera&quot;:&quot;&quot;,&quot;caption&quot;:&quot;&quot;,&quot;created_timestamp&quot;:&quot;0&quot;,&quot;copyright&quot;:&quot;&quot;,&quot;focal_length&quot;:&quot;0&quot;,&quot;iso&quot;:&quot;0&quot;,&quot;shutter_speed&quot;:&quot;0&quot;,&quot;title&quot;:&quot;&quot;,&quot;orientation&quot;:&quot;0&quot;}\" data-image-title=\"Jan Jonston, Historiae naturalis de avibus libri VI cum aeneis figuris, Amstelodami 1657.\" data-image-description=\"\" data-image-caption=\"\" data-medium-file=\"https:\/\/laboratorium.al.uw.edu.pl\/bestiariusz\/wp-content\/uploads\/2020\/02\/historiae-naturalis-de-avibus-libri-vi-cum-aeneis-figuris.jpg\" data-large-file=\"https:\/\/laboratorium.al.uw.edu.pl\/bestiariusz\/wp-content\/uploads\/2020\/02\/historiae-naturalis-de-avibus-libri-vi-cum-aeneis-figuris.jpg\" loading=\"lazy\" width=\"2823\" height=\"4498\" src=\"https:\/\/laboratorium.al.uw.edu.pl\/bestiariusz\/wp-content\/uploads\/2020\/02\/historiae-naturalis-de-avibus-libri-vi-cum-aeneis-figuris.jpg?w=643\" data-id=\"254\" class=\"wp-image-254\" \/><figcaption class=\"blocks-gallery-item__caption\">Jan Jonston, <em>Historiae naturalis de avibus libri VI cum aeneis figuris<\/em>, Amstelodami 1657.<\/figcaption><\/figure><\/li><\/ul><\/figure>\n\n\n\n<p><strong>Bibliografia:<\/strong><br><\/p>\n\n\n\n<ol type=\"1\"><li>Tadeusz Bilikiewicz, <em>Jonston Jan<\/em>, w: PSB, t. 11, Zak\u0142ad Narodowy im. Ossoli\u0144skich \u2013 Wydawnictwo Polskiej Akademii Nauk, Wroc\u0142aw 1964\u20131965, s. 268-270.<\/li><li>Julia Czapla, <em>Mi\u0119dzy autorem a drukarzem. Dob\u00f3r ilustracji w Historia naturalis Jana Jonstona<\/em>, \u201eZeszyty Naukowe Towarzystwa Doktorant\u00f3w UJ. Nauki Spo\u0142eczne\u201d, nr 14 (3\/2016), s. 9-22.<\/li><li>Adam Matuszewski, <em>Jan Jonston (1603-1675) przyrodnik, lekarz, historyk, pedagog<\/em>, [w:] \u201eJan Jonston. w 400 lecie urodzin (1603-2003)\u201d, Leszczy\u0144skie Towarzystwo Kulturalne, Leszno 2003, s. 10-16.<\/li><li>Helena Ostrom\u0119cka, <em>Jonston Jan<\/em>, w: <em>S\u0142ownik biolog\u00f3w polskich<\/em>, Pa\u0144stwowe Wydawnictwo Naukowe, Warszawa 1987.<\/li><\/ol>\n\n\n\n<p><strong>Autorzy:<\/strong><\/p>\n\n\n\n<p>Aleksandra Jak\u00f3bczyk-Gola<br>Mateusz B\u0119dkowski<\/p>\n","protected":false},"excerpt":{"rendered":"<p>Polski lekarz, przyrodnik i filozof szkockiego pochodzenia. Cieszy\u0142 si\u0119 uznaniem w\u015br\u00f3d europejskich \u015brodowisk naukowych jako autor prac z dziedziny historii naturalnej. By\u0142 r\u00f3wnie\u017c pierwszym mieszka\u0144cem Rzeczypospolitej Obojga Narod\u00f3w, kt\u00f3ry stworzy\u0142 kompendium przyrodnicze. Jan Jonston urodzi\u0142 si\u0119 w 1603 roku w Szamotu\u0142ach. By\u0142 synem Szkota, Szymona Johnstona (zm. 1618), kalwina, kt\u00f3ry pod koniec XVI wieku opu\u015bci\u0142&#8230; <\/p>\n<div class=\"link-more\"><a href=\"https:\/\/laboratorium.al.uw.edu.pl\/bestiariusz\/biogramy\/jan-jonston-1603-1675\/\">Read More<\/a><\/div>\n","protected":false},"author":178586772,"featured_media":241,"parent":143,"menu_order":0,"comment_status":"closed","ping_status":"closed","template":"","meta":{"_coblocks_attr":"","_coblocks_dimensions":"","_coblocks_responsive_height":"","_coblocks_accordion_ie_support":"","advanced_seo_description":"","spay_email":"","_starter_page_template":""},"jetpack_likes_enabled":true,"jetpack_sharing_enabled":true,"jetpack_shortlink":"https:\/\/wp.me\/PbCgRD-2U","amp_enabled":true,"_links":{"self":[{"href":"https:\/\/laboratorium.al.uw.edu.pl\/bestiariusz\/wp-json\/wp\/v2\/pages\/180"}],"collection":[{"href":"https:\/\/laboratorium.al.uw.edu.pl\/bestiariusz\/wp-json\/wp\/v2\/pages"}],"about":[{"href":"https:\/\/laboratorium.al.uw.edu.pl\/bestiariusz\/wp-json\/wp\/v2\/types\/page"}],"author":[{"embeddable":true,"href":"https:\/\/laboratorium.al.uw.edu.pl\/bestiariusz\/wp-json\/wp\/v2\/users\/178586772"}],"replies":[{"embeddable":true,"href":"https:\/\/laboratorium.al.uw.edu.pl\/bestiariusz\/wp-json\/wp\/v2\/comments?post=180"}],"version-history":[{"count":25,"href":"https:\/\/laboratorium.al.uw.edu.pl\/bestiariusz\/wp-json\/wp\/v2\/pages\/180\/revisions"}],"predecessor-version":[{"id":728,"href":"https:\/\/laboratorium.al.uw.edu.pl\/bestiariusz\/wp-json\/wp\/v2\/pages\/180\/revisions\/728"}],"up":[{"embeddable":true,"href":"https:\/\/laboratorium.al.uw.edu.pl\/bestiariusz\/wp-json\/wp\/v2\/pages\/143"}],"wp:featuredmedia":[{"embeddable":true,"href":"https:\/\/laboratorium.al.uw.edu.pl\/bestiariusz\/wp-json\/wp\/v2\/media\/241"}],"wp:attachment":[{"href":"https:\/\/laboratorium.al.uw.edu.pl\/bestiariusz\/wp-json\/wp\/v2\/media?parent=180"}],"curies":[{"name":"wp","href":"https:\/\/api.w.org\/{rel}","templated":true}]}}