{"id":224,"date":"2020-02-08T13:42:52","date_gmt":"2020-02-08T12:42:52","guid":{"rendered":"https:\/\/laboratorium.al.uw.edu.pl\/bestiariusz\/?page_id=224"},"modified":"2021-04-30T14:28:57","modified_gmt":"2021-04-30T12:28:57","slug":"o-kolekcji","status":"publish","type":"page","link":"https:\/\/laboratorium.al.uw.edu.pl\/bestiariusz\/o-kolekcji\/","title":{"rendered":"O Bestiariuszu"},"content":{"rendered":"\n<p><em>Bestiariusz<\/em> jest przedsi\u0119wzi\u0119ciem realizowanym jako zadanie przygotowawcze do przysz\u0142ego  projektu badawczego&nbsp;<em>Czytanie ksi\u0119gi zwierz\u0105t. Ciekawo\u015b\u0107 &#8211; wyobra\u017anie &#8211; nauka &#8211; wiara,<\/em> prowadzonego w Pracowni <em>Humanizm. Hermeneutyka warto\u015bci<\/em> na Wydziale \u201cArtes Liberales\u201d UW. Jej kierownikiem jest prof.&nbsp;dr hab. Alina Nowicka-Je\u017cowa.&nbsp;<\/p>\n\n\n\n<p>Pracami nad <em>Bestiariuszem<\/em> zajmuj\u0105&nbsp;si\u0119:&nbsp;<\/p>\n\n\n\n<ul><li>dr&nbsp;hab. Aleksandra Jak\u00f3bczyk-Gola&nbsp;(MHP, UW), kt\u00f3ra koordynuje dzia\u0142ania ca\u0142ego projektu i zajmuje si\u0119 nim&nbsp;od strony merytorycznej; &nbsp;<\/li><li>dr Gra\u017cyna \u0141ab\u0119cka (IBL PAN),&nbsp;kt\u00f3ra nadzoruje&nbsp;kwestie t\u0142umacze\u0144 z j\u0119zyka \u0142aci\u0144skiego;<\/li><li>Mateusz&nbsp;B\u0119dkowski&nbsp;(MHP), kt\u00f3ry nadzoruje wszelkie dzia\u0142ania&nbsp;zwi\u0105zane z funkcjonowaniem strony i kszta\u0142tem poszczeg\u00f3lnych hase\u0142.<\/li><\/ul>\n\n\n\n<p>A tak\u017ce autorzy wybranych hase\u0142:<\/p>\n\n\n\n<ul><li>Olga Karpowicz (UW);<\/li><li>Albert Kozik (UW).&nbsp;<\/li><\/ul>\n\n\n\n<p>Najistotniejszym celem badawczym <em>Bestiariusza<\/em> jest odpowied\u017a na pytanie o kategori\u0119 osobliwo\u015bci w \u015bwiecie zwierz\u0105t kultury staropolskiej poprzez\u00a0przyjrzenie si\u0119 bli\u017cej\u00a0ich\u00a0opisom i wyobra\u017ceniom. Szczeg\u00f3lnie wa\u017cny jest wiek XVII, kiedy to mo\u017cna zaobserwowa\u0107 napi\u0119cie mi\u0119dzy rodz\u0105cym si\u0119 opisem naukowym, a odchodz\u0105c\u0105 kultur\u0105 ciekawo\u015bci i zbieractwem. Dlatego punktem odniesienia ka\u017cdego z hase\u0142 uczynione zosta\u0142o sze\u015bciotomowe dzie\u0142o Jana Jonstona (1603-1675), polskiego biologa szkockiego pochodzenia, <em>Theatrum Universale Historiae Naturalis<\/em> z lat 1650-1653, do kt\u00f3rego\u00a0przedmow\u0119 napisa\u0142 Jonston\u00a0w 1649 roku w Lesznie. Praca Jonstona zawiera\u00a0wiele informacji, kt\u00f3re dzisiaj zaklasyfikowaliby\u015bmy raczej do fantastyki, ale jest to ju\u017c rodzaj wsp\u00f3\u0142czesnej encyklopedii \u2013\u00a0kompendium wiedzy zoologicznej od czas\u00f3w staro\u017cytnych.\u00a0Zamieszczone w niej ryciny z warsztatu Mateusza Meriana (1593-1650) pokazuj\u0105 tak\u017ce\u00a0zmian\u0119 w podej\u015bciu do ikonografii przyrodniczej. S\u0105 ju\u017c przyk\u0142adem ilustracji naukowej, cho\u0107 i one nie s\u0105 pozbawione jeszcze mitycznych wyobra\u017ce\u0144.\u00a0<\/p>\n\n\n\n<p>Przedsi\u0119wzi\u0119cie opiera si\u0119 na opracowaniu leksykonu naukowych hase\u0142 poszczeg\u00f3lnych zwierz\u0105t, tych prawdziwych oraz legendarnych, z historycznymi ilustracjami\u00a0i cytatami \u017ar\u00f3d\u0142owymi. Ambicj\u0105 projektu jest poszukiwanie wzajemnych powi\u0105za\u0144,\u00a0opracowanie intertekstualnych relacji i blisko\u015bci r\u00f3\u017cnych j\u0119zyk\u00f3w ekspresji &#8211; s\u0142ownego i obrazowego. Dodatkowo w <em>Bestiariuszu<\/em> znajduj\u0105 si\u0119 kr\u00f3tkie\u00a0biogramy autor\u00f3w cytowanych \u017ar\u00f3de\u0142\u00a0oraz spis bibliograficzny.\u00a0<\/p>\n\n\n\n<p>Sformu\u0142owany projekt ma\u00a0charakter interdyscyplinarny. Zapraszamy do wsp\u00f3\u0142pracy\u00a0do\u015bwiadczonych badaczy\u00a0i m\u0142odszych naukowc\u00f3w &#8211; humanist\u00f3w: literaturoznawc\u00f3w, historyk\u00f3w, historyk\u00f3w\u00a0sztuki i kultury, muzealnik\u00f3w, a tak\u017ce badaczy reprezentuj\u0105cych \u015brodowisko nauk \u015bcis\u0142ych: biolog\u00f3w i zoolog\u00f3w.\u00a0<\/p>\n","protected":false},"excerpt":{"rendered":"<p>Bestiariusz jest przedsi\u0119wzi\u0119ciem realizowanym jako zadanie przygotowawcze do przysz\u0142ego projektu badawczego&nbsp;Czytanie ksi\u0119gi zwierz\u0105t. Ciekawo\u015b\u0107 &#8211; wyobra\u017anie &#8211; nauka &#8211; wiara, prowadzonego w Pracowni Humanizm. Hermeneutyka warto\u015bci na Wydziale \u201cArtes Liberales\u201d UW. Jej kierownikiem jest prof.&nbsp;dr hab. Alina Nowicka-Je\u017cowa.&nbsp; Pracami nad Bestiariuszem zajmuj\u0105&nbsp;si\u0119:&nbsp; dr&nbsp;hab. Aleksandra Jak\u00f3bczyk-Gola&nbsp;(MHP, UW), kt\u00f3ra koordynuje dzia\u0142ania ca\u0142ego projektu i zajmuje si\u0119 nim&nbsp;od&#8230; <\/p>\n<div class=\"link-more\"><a href=\"https:\/\/laboratorium.al.uw.edu.pl\/bestiariusz\/o-kolekcji\/\">Read More<\/a><\/div>\n","protected":false},"author":178586772,"featured_media":0,"parent":0,"menu_order":0,"comment_status":"closed","ping_status":"closed","template":"","meta":{"_coblocks_attr":"","_coblocks_dimensions":"","_coblocks_responsive_height":"","_coblocks_accordion_ie_support":"","advanced_seo_description":"","spay_email":"","_starter_page_template":""},"jetpack_likes_enabled":true,"jetpack_sharing_enabled":true,"jetpack_shortlink":"https:\/\/wp.me\/PbCgRD-3C","amp_enabled":true,"_links":{"self":[{"href":"https:\/\/laboratorium.al.uw.edu.pl\/bestiariusz\/wp-json\/wp\/v2\/pages\/224"}],"collection":[{"href":"https:\/\/laboratorium.al.uw.edu.pl\/bestiariusz\/wp-json\/wp\/v2\/pages"}],"about":[{"href":"https:\/\/laboratorium.al.uw.edu.pl\/bestiariusz\/wp-json\/wp\/v2\/types\/page"}],"author":[{"embeddable":true,"href":"https:\/\/laboratorium.al.uw.edu.pl\/bestiariusz\/wp-json\/wp\/v2\/users\/178586772"}],"replies":[{"embeddable":true,"href":"https:\/\/laboratorium.al.uw.edu.pl\/bestiariusz\/wp-json\/wp\/v2\/comments?post=224"}],"version-history":[{"count":12,"href":"https:\/\/laboratorium.al.uw.edu.pl\/bestiariusz\/wp-json\/wp\/v2\/pages\/224\/revisions"}],"predecessor-version":[{"id":714,"href":"https:\/\/laboratorium.al.uw.edu.pl\/bestiariusz\/wp-json\/wp\/v2\/pages\/224\/revisions\/714"}],"wp:attachment":[{"href":"https:\/\/laboratorium.al.uw.edu.pl\/bestiariusz\/wp-json\/wp\/v2\/media?parent=224"}],"curies":[{"name":"wp","href":"https:\/\/api.w.org\/{rel}","templated":true}]}}