{"id":463,"date":"2020-03-20T23:45:42","date_gmt":"2020-03-20T22:45:42","guid":{"rendered":"https:\/\/laboratorium.al.uw.edu.pl\/bestiariusz\/?page_id=463"},"modified":"2021-09-14T23:11:56","modified_gmt":"2021-09-14T21:11:56","slug":"pelna-bibliografia","status":"publish","type":"page","link":"https:\/\/laboratorium.al.uw.edu.pl\/bestiariusz\/pelna-bibliografia\/","title":{"rendered":"Pe\u0142na bibliografia"},"content":{"rendered":"\n<p>\u0179r\u00f3d\u0142a:&nbsp;<\/p>\n\n\n\n<ol type=\"1\"><li>Boym Micha\u0142, <em>Flora sinensis, fructus floresque humillime porrigens serenissimo et potentissimo Leopoldo Ignatio\u2026<\/em>, typis Matthaei Rictii, Viennae 1656.\u00a0<\/li><li>Boym Micha\u0142, <em>Micha\u0142a Boyma opisanie \u015bwiata<\/em>, oprac. Edward Kajda\u0144ski,\u00a0<br>Oficyna Wydawnicza Volumen, Warszawa 2009.\u00a0<\/li><li>Broniewski Marcin, <em>Tartariae Descriptio. Opis Tartarii<\/em>, Stowarzyszenie Naukowe Archeolog\u00f3w Polskich, \u0141\u00f3d\u017a 2011.<\/li><li>Chmielowski Benedykt, <em>Nowe Ateny albo Akademia wszelkiey scyencyi pe\u0142na, na rozne tytu\u0142y\u2026<\/em>, t. 1, Drukarnia Paw\u0142a Iozefa Golczewskiego, Lw\u00f3w 1745.\u00a0<\/li><li>Czerniecki Stanis\u0142aw, <em>Compendium Ferculorum, albo Zebranie Potraw<\/em>, Drukarnia Jerzego y Miko\u0142aia Schedl\u00f3w, Krak\u00f3w 1682.\u00a0<\/li><li>Czerniecki Stanis\u0142aw, <em>Compendium Ferculorum albo Zebranie Potraw<\/em>, oprac. Jaros\u0142aw Dumanowski, Magdalena Spychaj, Muzeum Pa\u0142ac w Wilanowie, Warszawa 2009.<\/li><li>Dzwonkowski Teodor Anzelm, <em>Pami\u0119tniki: czyli pami\u0105tka po ojcu dla J\u00f3zefy<\/em>\u00a0<br><em>z Dzwonkowskich Komornickiej<\/em>, Pa\u0144stwowy Instytut Wydawniczy, Warszawa 1985.\u00a0<\/li><li>Falimirz Stefan, <em>O ziolach y o moczy gich<\/em>, Florian Ungler, Krak\u00f3w 1534.\u00a0<\/li><li>Falimirz Stefan, <em>O zio\u0142ach i o mocy ich<\/em>, red. W. Wydra, Wydawnictwo \u201ePozna\u0144skie Studia Polonistyczne\u201d, Pozna\u0144 2017.\u00a0<\/li><li><em>Fizjolog<\/em>, prze\u0142. Katarzyna Ja\u017cd\u017cewska, Pr\u00f3szy\u0144ski i S-ka: Warszawa 2003. \u00a0<\/li><li>Herberstein Zygmunt, <em>Rerum Moscoviticarum commentarii<\/em>, Johann Oporinus, Bazylea 1556.\u00a0<\/li><li>Hussowski Miko\u0142aj, <em>Pie\u015b\u0144 o \u017cubrze<\/em>, w: <em>Tradycja \u2013 Kultura \u2013 Literatura<\/em>, <a rel=\"noreferrer noopener\" href=\"https:\/\/href.li\/?http:\/\/staropolska.pl\/renesans\/wczesny_humanizm\/Mikolaj_Hussowski.html\" target=\"_blank\">http:\/\/staropolska.pl\/renesans\/wczesny_humanizm\/Mikolaj_Hussowski.html<\/a> [dost\u0119p: 27.04.2021].\u00a0<\/li><li>Jonston Jan, <em>Historiae naturalis de avibus libri VI<\/em>, <em>cum aeneis figuris<\/em>, impensa Matthaei Meriani, Francofurti ad Moenum 1650.\u00a0<\/li><li>Jonston Jan, <em>Historiae naturalis de insectis libri III, de serpentibus, draconibus libri II, cum aeneis figuris<\/em>, impensis Haereditum Merianorum, Francofurti ad Moenum 1653.\u00a0<\/li><li>Jonston Jan, <em>Historiae natvralis de quadrvpetibvs <\/em>[!]<em> libri cum aeneis figuris<\/em>, impensis haeredum Math. Meriani, Francofurti ad Moenum 1650.\u00a0<\/li><li>Jonston Jan, <em>Historiae naturalis de piscibus et cetis libri V<\/em>, Impensis Matthaei Meriani, Francofvrti ad Moenum 1650.\u00a0<\/li><li>Jonston Jan, <em>Historiae naturalis de serpentibus libri II<\/em>, apud Joannem Jacobi fil. Schipper, Amstelodami 1665.\u00a0<\/li><li>Hussowski Miko\u0142aj, <em>Pie\u015b\u0144 o \u017cubrze<\/em>, t\u0142um. Jan Kasprowicz, w: Jan Kasprowicz, <em>Dzie\u0142a<\/em>, t. 20, red. Stefan Ko\u0142aczkowski, Warszawa 1931.\u00a0<\/li><li>Kircher Athanasius, <em>China Illustrata<\/em>, <em>apud Joannem Janssonium a Waesberge<\/em>et haeredes Elizaei Weyerstraet, Amstelodami 1667.<\/li><li>Kluk Krzysztof, <em>Zwierz\u0105t Domowych I Dzikich, Osobliwie Kraiowych, Historyi Naturalney Pocz\u0105tki I Gospodarstwo Potrzebnych I Pozytecznych Domowych Chowanie, Rozmnozenie, Chorob Leczenie, Dzikich \u0141owienie, Oswoienie, Za\u017cycie; Szkodliwych Zas Wygubienie<\/em>, t. 1: <em>O zwierz\u0119tach ss\u0105cych<\/em>, Drukarnia Pijar\u00f3w, Warszawa 1779, 1795.\u00a0<\/li><li>Kromer Marcin, <em>Polska, czyli o po\u0142o\u017ceniu, ludno\u015bci, obyczajach, urz\u0119dach i sprawach publicznych Kr\u00f3lestwa Polskiego ksi\u0119gi dwie,<\/em> J. Zawadzki, Wilno 1853.\u00a0<\/li><li><em>Lustracja d\u00f3br kr\u00f3lewskich wojew\u00f3dztwa rawskiego 1564 i 1570,<\/em> oprac. Zofia\u00a0K\u0119dzierska, Pa\u0144stwowe Wydawnictwo Naukowe, Warszawa 1959.\u00a0<\/li><li>Paw\u0142owski Krzysztof, <em>List z Indii<\/em>, w: <em>Antologia pami\u0119tnik\u00f3w polskich<\/em>\u00a0<br><em>XVI wieku<\/em>, red. Roman Pollak, Ossolineum, Wroc\u0142aw\u2013Warszawa\u2013\u00a0<br>Krak\u00f3w 1966, s. 174\u2013182.\u00a0<\/li><li>Pol Wincenty, <em>Rok My\u015bliwca<\/em>, J.K. \u017bupa\u0144ski, Pozna\u0144 1870.\u00a0<\/li><li>Potocki Jan, <em>Podr\u00f3\u017ce<\/em>, Czytelnik, Wroc\u0142aw-Warszawa-Krak\u00f3w 1959.<\/li><li>Rz\u0105czy\u0144ski Gabriel, <em>Historia naturalis curiosa Regni Poloniae, Magni Ducatus Lithuaniae XX divisa<\/em>, Typis Collegii Soc[ietatis] Iesu, Sandomiriae 1721.\u00a0<\/li><li>Radziwi\u0142\u0142 Miko\u0142aj Krzysztof, <em>Podr\u00f3\u017c do Ziemi \u015awi\u0119tej, Syrii i Egiptu 1582\u20131584<\/em>,\u00a0<br>Pa\u0144stwowy Instytut Wydawniczy, Warszawa 1962.\u00a0<\/li><li><em>Wady staropolskie.<\/em> <em>Przedruk dzie\u0142a \u201eRobak sumienia z\u0142ego, cz\u0142owieka niebogobojnego i o zabawienie swoje niedba\u0142ego\u201d, wydanego w pierwszej po\u0142owie XVII wieku<\/em>, Druk J\u00f3zefa Czecha, Krak\u00f3w 1853. \u00a0<\/li><li>Wikli\u0144ski Maksymilian, <em>Podr\u00f3\u017ce<\/em>, Oficyna Wydawnicza Leksem, \u0141ask 2008.\u00a0<\/li><\/ol>\n\n\n\n<p>Opracowania:&nbsp;<\/p>\n\n\n\n<ol type=\"1\"><li>Abrahamowicz Zygmunt, <em>Paw\u0142owski Krzysztof<\/em>, w: Polski S\u0142ownik\u00a0<br>Biograficzny, t. 25, Zak\u0142ad Narodowy im. Ossoli\u0144skich \u2013 Wydawnictwo\u00a0<br>Polskiej Akademii Nauk, Wroc\u0142aw 1980, s. 507\u2013508.\u00a0<\/li><li>B\u0119dkowski Mateusz, <em>Polacy na kra\u0144cach \u015bwiata: \u015bredniowiecze i nowo\u017cytno\u015b\u0107. Cz\u0119\u015b\u0107 1<\/em>, Promohistoria, Warszawa 2017.\u00a0<\/li><li>B\u0119dkowski Mateusz, <em>Polacy na kra\u0144cach \u015bwiata: \u015bredniowiecze i nowo\u017cytno\u015b\u0107. Cz\u0119\u015b\u0107 2<\/em>, Wydawnictwo Promohistoria, Warszawa 2019.<\/li><li>B\u0119dkowski Mateusz, <em>Potwory i magia, czyli elementy fantastyczne w dawnych relacjach polskich podr\u00f3\u017cnik\u00f3w<\/em>, portal \u201eTytus.edu.pl\u201d, <a rel=\"noreferrer noopener\" href=\"https:\/\/href.li\/?https:\/\/tytus.edu.pl\/2018\/08\/06\/potwory-i-magia-czyli-elementy-fantastyczne-w-dawnych-relacjach-polskich-podroznikow\/\" target=\"_blank\">https:\/\/tytus.edu.pl\/2018\/08\/06\/potwory-i-magia-czyli-elementy-fantastyczne-w-dawnych-relacjach-polskich-podroznikow\/<\/a> [dost\u0119p 27.04.2021].\u00a0<\/li><li>B\u0119dkowski Mateusz, <em>Tu \u017cyj\u0105 smoki, czyli potwory na dawnych mapach<\/em>, \u201eTytus.edu.pl\u201d, <a rel=\"noreferrer noopener\" href=\"https:\/\/href.li\/?https:\/\/tytus.edu.pl\/2019\/01\/06\/tu-zyja-smoki-czyli-potwory-na-dawnych-mapach\/\" target=\"_blank\">https:\/\/tytus.edu.pl\/2019\/01\/06\/tu-zyja-smoki-czyli-potwory-na-dawnych-mapach\/<\/a> [dost\u0119p 27.04.2021].\u00a0<\/li><li><em>Bibliografia Literatury Polskiej \u201eNowy Korbut\u201d<\/em>, red. Kazimierz Budzyk, t. 3, Pa\u0144stwowy Instytut Wydawniczy, Warszawa 1965, s. 197. \u00a0<\/li><li>Bilikiewicz Tadeusz, <em>Jonston Jan<\/em>, w: Polski S\u0142ownik Biograficzny, t. 11, Zak\u0142ad Narodowy im. Ossoli\u0144skich \u2013 Wydawnictwo Polskiej Akademii Nauk, Wroc\u0142aw 1964\u20131965, s. 268-270.\u00a0<\/li><li>Bocci Chiara, Ptak Rhoderick, <em>The Animal Section in Boym\u2019s (1612\u20131659) <\/em>Flora Sinensis<em>: Portentous Creatures, Healing Stones, Venoms, and Other Curiosities<\/em>, \u201eMonumenta Serica\u201d, nr 59 (2011 r.), s. 353\u2013381.\u00a0<\/li><li>Brzozowski Stanis\u0142aw, <em>Stefan Falimirz<\/em>, w: <em>S\u0142ownik biolog\u00f3w polskich<\/em>, red. Stanis\u0142aw Felisiak, Pa\u0144stwowe Wydawnictwo Naukowe, Warszawa 1987.\u00a0<\/li><li>Czapla Julia, <em>Mi\u0119dzy autorem a drukarzem. Dob\u00f3r ilustracji w Historia naturalis Jana Jonstona<\/em>, \u201eZeszyty Naukowe Towarzystwa Doktorant\u00f3w UJ. Nauki Spo\u0142eczne\u201d, nr 14 (3\/2016), s. 9-22.\u00a0<\/li><li>Czapla Julia, <em>Niezwyk\u0142e zwierz\u0119ta w wyobra\u017ceniach uczonych XVI-wiecznej Rzeczypospolitej: fauna egzotyczna w traktacie Stefana Falimirza \u201eO zio\u0142ach y o moczy gich\u2026\u201d<\/em>, <em>\u201e<\/em>Rocznik Biblioteki Naukowej PAU i PAN w Krakowie\u201d. t. 58 (2013 r.), 357-368.\u00a0<\/li><li>Daszkiewicz Piotr, Pascale Heurtel, <em>Historie de l\u2019exemplaire de <\/em>l\u2019Actuarium Histori\u00e6 naturalis Regni Poloni\u00e6 Magnique Ducat\u00fbs Lithuani\u00e6..<em>.<\/em> <em>de Georges-Leclerc Buffon (1707-1788) et quelques remarques sur l\u2019edition du livre de Gabriel Rz\u0105czy\u0144ski<\/em>, \u201eOrganon\u201d, nr 35 (2006 r.), s. 103\u2013113.<\/li><li>Dumanowski Jaros\u0142aw, <em>Stanis\u0142aw Czerniecki. Pierwszy kuchmistrz pierwszej Rzeczypospolitej<\/em>, <a rel=\"noreferrer noopener\" href=\"https:\/\/www.wilanow-palac.pl\/stanislaw_czerniecki_pierwszy_kuchmistrz_pierwszej_rzeczypospolitej.html\" target=\"_blank\">https:\/\/www.wilanow-palac.pl\/stanislaw_czerniecki_pierwszy_kuchmistrz_pierwszej_rzeczypospolitej.html<\/a> [dost\u0119p: 10.05.21].<\/li><li>Dymek Benon, <em>Ostatnia ostoja tur\u00f3w na Mazowszu<\/em>, \u201eRocznik Mazowiecki\u201d, t. 19 (2007 r.), s. 7-50.\u00a0<\/li><li>Fedorowicz Zygmunt, <em>Fauna Polski w dzie\u0142ach o. Gabriela Rz\u0105czy\u0144skiego T.J. (1664\u20131737)<\/em>, Zak\u0142ad Narodowy im. Ossoli\u0144skich \u2013 Wydawnictwo Polskiej Akademii Nauk, Wroc\u0142aw 1966.\u00a0<\/li><li>Frej Ludwik, <em>Polska encyklopedia botaniczna XVIII wieku<\/em>, <a rel=\"noreferrer noopener\" href=\"https:\/\/href.li\/?https:\/\/www.wilanow-palac.pl\/polska_encyklopedia_botaniczna_z_xviii_wieku.html\" target=\"_blank\">https:\/\/www.wilanow-palac.pl\/polska_encyklopedia_botaniczna_z_xviii_wieku.html<\/a> [dost\u0119p: 4.04.2021].\u00a0\u00a0<\/li><li>Grusiecki Tomasz, <em>Micha\u0142 Boym, the <\/em>Sum Xu<em>, and the Reappearing Image<\/em>, \u201eJournal of Early Modern History\u201d, nr 23 (2019 r.), s. 296\u2013324.\u00a0<\/li><li>Kajda\u0144ski Edward, <em>Micha\u0142 Boym. Ambasador Pa\u0144stwa \u015arodka<\/em>, Ksi\u0105\u017cka i Wiedza, Warszawa 1999.\u00a0<\/li><li>Kajda\u0144ski Edward, <em>Micha\u0142 Boym. Ostatni wys\u0142annik dynastii Ming<\/em>, Wydawnictwo Polonia, Warszawa 1988.\u00a0<\/li><li>Kempa Tomasz, <em>Miko\u0142aj Krzysztof Radziwi\u0142\u0142 Sierotka (1549-1616). Wojewoda wile\u0144ski<\/em>, Wydawnictwo Naukowe Semper, Warszawa 2000.\u00a0<\/li><li>Kotarski Edmund, <em>Miko\u0142aj Hussowski (Hussowczyk, Hussovius, z Hussowa),<\/em> Wirtualna Biblioteka Literatury Polskiej, <a rel=\"noreferrer noopener\" href=\"https:\/\/href.li\/?https:\/\/literat.ug.edu.pl\/autors\/hussow.htm\" target=\"_blank\">https:\/\/literat.ug.edu.pl\/autors\/hussow.htm<\/a> [dost\u0119p: 27.04.2021].\u00a0<\/li><li>Kowalska Krystyna, <em>Hussowski (Hussovius, Hussowczyk) Miko\u0142aj<\/em>, w: <em>S\u0142ownik biolog\u00f3w polskich<\/em>, red. Stanis\u0142aw Felisiak, Pa\u0144stwowe Wydawnictwo Naukowe, Warszawa 1987.\u00a0<\/li><li>Krzyszkowski Jan, <em>Boym Micha\u0142 Piotr<\/em>, w: <em>Polski S\u0142ownik Biograficzny<\/em>, t. 2, Polska Akademia Umiej\u0119tno\u015bci, Krak\u00f3w 1936, s. 380-381.\u00a0<\/li><li><em>Ksi\u0105dz Jan Krzysztof Kluk<\/em>, <a href=\"http:\/\/ciechanowiec.pl\">ciechanowiec.pl<\/a>\u00a0[dost\u0119p: 4.04.2021].\u00a0<\/li><li>Ledzi\u0144ska Anna, <em>Literackie wzory opowie\u015bci o \u015bwi\u0119tym Jacku w Carmen de vita et gestis divi Hyacynthi Miko\u0142aja z Hussowa<\/em>, \u201eLiteratura renesansowa w Polsce i Europie. Studia dedykowane profesorowi Andrzejowi Borowskiemu\u201d, Wydawnictwo Uniwersytetu Jagiello\u0144skiego, Krak\u00f3w 2016.\u00a0<\/li><li>Loisel Gustaw, <em>Histoire des m\u00e9nageries de l\u2018Antiquit\u00e9 a nos jours<\/em>, Octave Doin, Paris 1912.\u00a0<\/li><li>Lulewicz Henryk, <em>Radziwi\u0142\u0142 Miko\u0142aj Krzysztof zw. Sierotk\u0105<\/em>, w:<em> Polski S\u0142ownik Biograficzny<\/em>, t. 30, Zak\u0142ad Narodowy im. Ossoli\u0144skich \u2013 Wydawnictwo Polskiej Akademii Nauk, Wroc\u0142aw 1987, s. 349-361.\u00a0<\/li><li>\u0141ukaszewicz Karol, <em>Ogrody zoologiczne. Wczoraj \u2013 dzi\u015b \u2013 jutro<\/em>, Wiedza Powszechna, Warszawa 1975.\u00a0<\/li><li>Maciesza Aleksander<em>, G. Rz\u0105czy\u0144ski S.J. \u2013 pierwszy fizjograf Polski<\/em>, Polskie Towarzystwo Krajoznawcze, Sandomierz 1921.\u00a0<\/li><li>Matuszewski Adam, <em>Jan Jonston (1603-1675) przyrodnik, lekarz, historyk, pedagog<\/em>, w: \u201eJan Jonston. w 400 lecie urodzin (1603-2003)\u201d, Leszczy\u0144skie Towarzystwo Kulturalne, Leszno 2003, s. 10-16.\u00a0<\/li><li>Mejor Mieczys\u0142aw, <em>Historia naturalna w dzie\u0142ach polsko-\u0142aci\u0144skich poet\u00f3w humanistycznych<\/em>, w: <em>Humanizm wobec nauk przyrodniczych<\/em>, red. Jacek Sokolski, Neriton, Warszawa 2010.\u00a0<\/li><li>Miazek Monika, <em>Flora sinensis Micha\u0142a Boyma<\/em>, Wydawnictwo Fundacji Collegium Europaeum Gnesnense, Gniezno 2005.\u00a0<\/li><li>Mytych Beata, <em>Poetyka i \u0142owy. O idei dawnego polowania w literaturze polskiej XIX wieku<\/em>, Wydawnictwo Uniwersytetu \u015al\u0105skiego, Katowice 2004.\u00a0<\/li><li>Nigg Joseph, <em>The Phoenix: An Unnatural Biography of a Mythical Beast<\/em>, The University of Chicago Press, Chicago 2016.\u00a0<\/li><li>Ogrodzi\u0144ski Wincenty, <em>Chmielowski Joachim Benedykt<\/em>, w: <em>Polski S\u0142ownik Biograficzny<\/em>, t. 3, Polska Akademia Umiej\u0119tno\u015bci, Krak\u00f3w 1937, s. 341-342.\u00a0<\/li><li>Ostrom\u0119cka Helena, <em>Jonston Jan<\/em>, w: <em>S\u0142ownik biolog\u00f3w polskich<\/em>, Pa\u0144stwowe Wydawnictwo Naukowe, Warszawa 1987.\u00a0<\/li><li>Oszajca Paulina,\u00a0Bela Zygmunt, <em>Ulisses Aldrovandi, jego kolekcja przyrodnicza oraz zwi\u0105zki z polskimi uczonymi (cz\u0119\u015b\u0107 2)<\/em>, \u201eOpuscula Musealia\u201d, t. 21 (2013 r.), s. 181\u2013187.\u00a0<\/li><li>Paszy\u0144ski Wojciech, <em>Czarna legenda Nowych Aten Benedykta Chmielowskiego i pr\u00f3by jej przezwyci\u0119\u017cenia<\/em>, w: \u201eZeszyty naukowe Uniwersytetu Jagiello\u0144skiego. Prace Historyczne\u201d, t. 141, z. 1 (2014 r,), s. 37\u201359.\u00a0<\/li><li>Pelczar Jan, <em>Miko\u0142aj Hussowski, jego \u017cycie i dzie\u0142a. Ust\u0119p z dziej\u00f3w humanizmu w Polsce<\/em>, w: \u201eSprawozdanie Dyrektora C. K. Gimnazyum \u015bw. Jacka w Krakowie za rok szkolny 1900\u201d, Druk. L. Anczyc, Krak\u00f3w 1900.\u00a0<\/li><li>Rosset Fran\u00e7ois, Triaire Dominique, t\u0142um. Anna Wasilewska, <em>Jan Potocki. Biografia<\/em>, Wydawnictwo W.A.B., Warszawa 2006.<\/li><li>S\u0142abczy\u0144scy Wac\u0142aw i Tadeusz, <em>S\u0142ownik podr\u00f3\u017cnik\u00f3w polskich<\/em>, Wiedza Powszechna, Warszawa 1992.\u00a0<\/li><li>W\u0142usek Andrzej, <em>\u015aredniowieczni w\u0142adcy Polski i ich wielb\u0142\u0105dy<\/em>, <a href=\"https:\/\/historykon.pl\/sredniowieczni-wladcy-polski-i-ich-wielblady\/2\/\">https:\/\/historykon.pl\/sredniowieczni-wladcy-polski-i-ich-wielblady\/2\/<\/a> [dost\u0119p: 23.08.2021].<\/li><li>Wysoki\u0144ski Jerzy,<em> Ksi\u0105dz Jan Krzysztof Kluk, autor pierwszych polskich podr\u0119cznik\u00f3w historii naturalnej. Artyku\u0142 w 220. rocznic\u0119 \u015bmierci przyrodnika, <\/em>\u201eWszech\u015bwiat\u201d, t. 117 (2016 r.), nr 4-6, s. 155-160.\u00a0<\/li><li>\u017b\u00f3\u0142towska Maria Ewelina, <em>Potocki Jan<\/em>, w: Polski S\u0142ownik Biograficzny, t. 28, Zak\u0142ad Narodowy im. Ossoli\u0144skich &#8211; Wydawnictwo Polskiej Akademii Nauk, Wroc\u0142aw 1984\u20131985, s. 36-42.<\/li><\/ol>\n","protected":false},"excerpt":{"rendered":"<p>\u0179r\u00f3d\u0142a:&nbsp; Boym Micha\u0142, Flora sinensis, fructus floresque humillime porrigens serenissimo et potentissimo Leopoldo Ignatio\u2026, typis Matthaei Rictii, Viennae 1656.\u00a0 Boym Micha\u0142, Micha\u0142a Boyma opisanie \u015bwiata, oprac. Edward Kajda\u0144ski,\u00a0Oficyna Wydawnicza Volumen, Warszawa 2009.\u00a0 Broniewski Marcin, Tartariae Descriptio. Opis Tartarii, Stowarzyszenie Naukowe Archeolog\u00f3w Polskich, \u0141\u00f3d\u017a 2011. Chmielowski Benedykt, Nowe Ateny albo Akademia wszelkiey scyencyi pe\u0142na, na rozne&#8230; <\/p>\n<div class=\"link-more\"><a href=\"https:\/\/laboratorium.al.uw.edu.pl\/bestiariusz\/pelna-bibliografia\/\">Read More<\/a><\/div>\n","protected":false},"author":178586772,"featured_media":0,"parent":0,"menu_order":0,"comment_status":"closed","ping_status":"closed","template":"","meta":{"_coblocks_attr":"","_coblocks_dimensions":"","_coblocks_responsive_height":"","_coblocks_accordion_ie_support":"","advanced_seo_description":"","spay_email":"","_starter_page_template":"blank"},"jetpack_likes_enabled":true,"jetpack_sharing_enabled":true,"jetpack_shortlink":"https:\/\/wp.me\/PbCgRD-7t","amp_enabled":true,"_links":{"self":[{"href":"https:\/\/laboratorium.al.uw.edu.pl\/bestiariusz\/wp-json\/wp\/v2\/pages\/463"}],"collection":[{"href":"https:\/\/laboratorium.al.uw.edu.pl\/bestiariusz\/wp-json\/wp\/v2\/pages"}],"about":[{"href":"https:\/\/laboratorium.al.uw.edu.pl\/bestiariusz\/wp-json\/wp\/v2\/types\/page"}],"author":[{"embeddable":true,"href":"https:\/\/laboratorium.al.uw.edu.pl\/bestiariusz\/wp-json\/wp\/v2\/users\/178586772"}],"replies":[{"embeddable":true,"href":"https:\/\/laboratorium.al.uw.edu.pl\/bestiariusz\/wp-json\/wp\/v2\/comments?post=463"}],"version-history":[{"count":10,"href":"https:\/\/laboratorium.al.uw.edu.pl\/bestiariusz\/wp-json\/wp\/v2\/pages\/463\/revisions"}],"predecessor-version":[{"id":898,"href":"https:\/\/laboratorium.al.uw.edu.pl\/bestiariusz\/wp-json\/wp\/v2\/pages\/463\/revisions\/898"}],"wp:attachment":[{"href":"https:\/\/laboratorium.al.uw.edu.pl\/bestiariusz\/wp-json\/wp\/v2\/media?parent=463"}],"curies":[{"name":"wp","href":"https:\/\/api.w.org\/{rel}","templated":true}]}}