{"id":541,"date":"2021-04-26T15:21:18","date_gmt":"2021-04-26T13:21:18","guid":{"rendered":"https:\/\/laboratorium.al.uw.edu.pl\/bestiariusz\/?page_id=541"},"modified":"2021-05-05T14:52:15","modified_gmt":"2021-05-05T12:52:15","slug":"gabriel-rzaczynski-1664-1737","status":"publish","type":"page","link":"https:\/\/laboratorium.al.uw.edu.pl\/bestiariusz\/biogramy\/gabriel-rzaczynski-1664-1737\/","title":{"rendered":"Gabriel Rz\u0105czy\u0144ski (1664\u20131737)"},"content":{"rendered":"\n<h2><strong>Jezuita i przyrodnik. Jako zr\u0119czny kompilator zdoby\u0142 s\u0142aw\u0119 w I po\u0142. XVIII wieku, tworz\u0105c obszerne \u0142aci\u0144skie kompendia fauny, flory i krajobraz\u00f3w dawnej Rzeczypospolitej.<\/strong><\/h2>\n\n\n\n<p>Gabriel Rz\u0105czy\u0144ski herbu \u015alepowron przyszed\u0142 na \u015bwiat na Podlasiu, cho\u0107 \u017cadne znane dzi\u015b \u017ar\u00f3d\u0142o historyczne nie zawiera informacji o dok\u0142adnym miejscu jego narodzin. W roku 1682, w wieku osiemnastu lat, wst\u0105pi\u0142 do zakonu jezuit\u00f3w, a wykszta\u0142cenie zdobywa\u0142 pocz\u0105tkowo w kolegium towarzystwa w Lublinie. Do miasta tego powr\u00f3ci\u0142 po odbyciu nowicjatu w Krakowie (1682\u20131684), gdzie pozostawa\u0142 przez dwa lata pod opiek\u0105 Jana Hermanniego (1626\u20131691) i Jana Morawskiego (1633\u20131700), jezuit\u00f3w znanych g\u0142\u00f3wnie ze swoich prac zakresu filozofii naturalnej i teologii. Pierwszy z nich zas\u0142yn\u0105\u0142 jako autor traktat\u00f3w o mechanice i astronomii, drugi za\u015b \u2013 z dzie\u0142 teologicznych i poradnik\u00f3w ascezy.<\/p>\n\n\n\n<p>Po kr\u00f3tkim okresie pracy w lubelskim kolegium jezuickim (1684\u20131686) Rz\u0105czy\u0144ski kontynuowa\u0142 nauk\u0119 w Kaliszu, a jego najwa\u017cniejszym nauczycielem by\u0142 tam Tomasz Perkowicz (1652\u20131720), kaznodzieja, t\u0142umacz literatury zachodniej i bibliofil. Pod jego opiek\u0105 pozostawa\u0142 m\u0142ody jezuita do roku 1689, gdy powr\u00f3ci\u0142 do Lublina. Od tamtej pory Rz\u0105czy\u0144ski wyk\u0142ada\u0142 w kolegiach jezuickich w r\u00f3\u017cnych miejscach, najpierw we Lwowie (w 1690), a p\u00f3\u017aniej, po dodatkowych trzyletnich studiach teologicznych w Krakowie (1692\u20131695) \u2013 podczas kt\u00f3rych otrzyma\u0142 \u015bwi\u0119cenia kap\u0142a\u0144skie (1694) \u2013 w Jaros\u0142awiu, Toruniu, Poznaniu, Lublinie i \u0141ucku (1697\u20131703). Kolejne lata sp\u0119dzi\u0142 ponownie w Poznaniu i we Lwowie (1704\u20131708).<\/p>\n\n\n\n<p>Rz\u0105czy\u0144ski naucza\u0142 w\u00f3wczas, co ciekawe, przede wszystkim retoryki, logiki i matematyki, nigdy jednak \u2013 filozofii naturalnej. Nie sko\u0144czy\u0142 r\u00f3wnie\u017c \u017cadnych studi\u00f3w w tym zakresie, trudno zatem jednoznacznie oceni\u0107, sk\u0105d wzi\u0119\u0142y si\u0119 zainteresowania przyrodoznawcze, kt\u00f3re da\u0142y o sobie zna\u0107 w p\u00f3\u017aniejszych latach jego \u017cycia. Po kr\u00f3tkim pobycie w Sandomierzu w roku 1709 uda\u0142 si\u0119 znowu do Poznania, gdzie w latach 1710\u20131714 wyk\u0142ada\u0142 dalej retoryk\u0119. Oko\u0142o roku 1717 przeni\u00f3s\u0142 si\u0119 do Gda\u0144ska, ponownie w roli profesora, i to najpewniej w\u0142a\u015bnie w tym mie\u015bcie zredagowa\u0142 swoje najwa\u017cniejsze dzie\u0142o, <em>Historia naturalis curiosa Regni Poloniae, Magni Ducatus Lituaniae annexarumque provinciarum in tractatus XX divisa<\/em>, kt\u00f3re ukaza\u0142o si\u0119 drukiem w roku 1721 w Sandomierzu, dok\u0105d jezuita przeni\u00f3s\u0142 si\u0119 rok przed publikacj\u0105.<\/p>\n\n\n\n<p><em>Historia naturalis<\/em> Rz\u0105czy\u0144skiego jest kompilacj\u0105 wielu innych \u017ar\u00f3de\u0142 wydanych w Europie na przestrzeni XVI i XVII w. Jej autor szczeg\u00f3lnie wiele zawdzi\u0119cza\u0142 Ulissesowi Aldrovandiemu (1522\u20131605), w\u0142oskiemu uczonemu dzia\u0142aj\u0105cemu w Bolonii, kt\u00f3ry znany by\u0142 ze swoich bogato ilustrowanych traktat\u00f3w historii naturalnej, a tak\u017ce Janowi Jonstonowi (1603\u20131675), polskiemu przyrodoznawcy szkockiego pochodzenia, tw\u00f3rcy monumentalnych kompendi\u00f3w faunistycznych cenionych w ca\u0142ej siedemnastowiecznej Europie. Rz\u0105czy\u0144ski posiad\u0142 i przekaza\u0142 swoim czytelnikom szerok\u0105 wiedz\u0119, cho\u0107 jego dzie\u0142o opiera\u0142o si\u0119 w\u0142a\u015bciwie w ca\u0142o\u015bci na pracach innych uczonych, kt\u00f3re jezuita zmy\u015blnie w\u0142\u0105czy\u0142 do zredagowanego przez siebie tomu.<\/p>\n\n\n\n<p><em>Historia naturalis <\/em>podzielona jest na dwadzie\u015bcia dzia\u0142\u00f3w (rozpraw;<em> tractatus<\/em>) obejmuj\u0105cych niezwykle obfity materia\u0142. Autor nie ograniczy\u0142 si\u0119 do przedstawienia wy\u0142\u0105cznie fauny i flory \u00f3wczesnej Rzeczypospolitej, przeciwnie \u2013 jego ambicj\u0105 by\u0142o stworzenie dzie\u0142a krajoznawczego, opisuj\u0105cego Litw\u0119, Koron\u0119 i wszystkie ich ziemie w jak najdok\u0142adniejszy spos\u00f3b. Kompendium rozpoczyna si\u0119 zatem dyskusj\u0105 na temat minera\u0142\u00f3w i gleb, nast\u0119pnie przechodzi do om\u00f3wienia \u017cyzno\u015bci tych ostatnich, charakteryzuje g\u00f3ry, a p\u00f3\u017aniej zbiorniki wodne i stworzenia w nich \u017cyj\u0105ce. Osobny rozdzia\u0142 po\u015bwi\u0119cono przy tym Morzu Ba\u0142tyckiemu wraz z wyst\u0119puj\u0105cymi w nim rybami (rozumianymi do\u015b\u0107 szeroko, gdy\u017c Rz\u0105czy\u0144ski zalicza do nich te\u017c kraby czy \u015bwinie morskie, a tak\u017ce stworzenia fantastyczne, takie jak \u201ekur morski\u201d; <em>gallus marinus<\/em>).<\/p>\n\n\n\n<p>Kolejne rozprawy dotycz\u0105 drzew, zwierz\u0105t czworono\u017cnych, jadowitych i bezkrwistych (w\u0119\u017cy, jaszczurek czy bazyliszk\u00f3w), owad\u00f3w i ptactwa. Co ciekawe, szczeg\u00f3lnie du\u017co uwagi po\u015bwi\u0119ci\u0142 autor tak\u017ce ludziom, a zw\u0142aszcza ich \u201eosobliwym cechom\u201d (<em>memorabilia<\/em>) i \u201erzadkim w\u0142a\u015bciwo\u015bciom\u201d (<em>qualitates rariores<\/em>). Te pierwsze obejmuj\u0105 ludzi szczeg\u00f3lnie wysokich i niskich, a tak\u017ce nadmiernie rozmi\u0142owanych w jedzeniu i piciu. Do drugiej kategorii zaliczono przede wszystkim szczeg\u00f3lne i nieprawid\u0142owe dzia\u0142anie zmys\u0142\u00f3w, maj\u0105ce wywo\u0142ywa\u0107 szale\u0144stwo lub somnambulizm. W kolejnych rozdzia\u0142ach Rz\u0105czy\u0144ski wymieni\u0142 tak\u017ce \u201ewynaturzenia\u201d ludzi i zwierz\u0105t i niekt\u00f3re osobliwo\u015bci cia\u0142 zmar\u0142ych, takie jak nieuleganie rozk\u0142adowi. Ostatnie rozprawy zawarte w <em>Historia naturalis<\/em> po\u015bwi\u0119cone zosta\u0142y klimatowi i astronomii (kl\u0119skom naturalnym, porom roku, zjawiskom pogodowym, ruchom gwiazd i za\u0107mieniom), a tak\u017ce wr\u00f3\u017cbom i magii.<\/p>\n\n\n\n<p>Po wydaniu swojego najwa\u017cniejszego dzie\u0142a Rz\u0105czy\u0144ski sp\u0119dzi\u0142 kolejne trzy lata (1721\u20131724) w Ostrorogu, gdzie pe\u0142ni\u0142 funkcj\u0119 rektora kolegium jezuickiego. W roku 1725 powr\u00f3ci\u0142 ostatecznie do Gda\u0144ska, pozostaj\u0105c tam a\u017c do \u015bmierci w 1737. Napisa\u0142 w\u00f3wczas kolejny traktat przyrodoznawczy, zbli\u017cony pod wzgl\u0119dem uk\u0142adu do <em>Historia naturalis<\/em>, zatytu\u0142owany <em>Auctuarium historiae naturalis Regni Poloniae Magnique Ducatus Lituaniae annexarumque provinciarum in puncta XX<\/em> (Gda\u0144sk: J.J. Preuss 1736). W stosunku do swojego pierwszego kompendium Rz\u0105czy\u0144ski zredukowa\u0142 jednak cz\u0119\u015b\u0107 po\u015bwi\u0119con\u0105 osobliwo\u015bciom natury, a jeszcze wi\u0119cej uwagi po\u015bwi\u0119ci\u0142 minera\u0142om, ro\u015blinom i zwierz\u0119tom, ograniczaj\u0105c si\u0119 tak\u017ce do bardziej miarodajnych i sprawdzonych \u017ar\u00f3de\u0142 wiedzy.<\/p>\n\n\n\n<p>Kompendium Rz\u0105czy\u0144skiego nie zyska\u0142o sobie s\u0142awy tak du\u017cej, jak traktaty Jonstona czy p\u00f3\u017aniejsze <em>Nowe Ateny<\/em> Benedykta Chmielowskiego, po\u015bwi\u0119cone w pewnej cz\u0119\u015bci faunie i florze dawnej Rzeczypospolitej. Autor <em>Historia naturalis <\/em>i <em>Auctuarium <\/em>nie by\u0142 r\u00f3wnie\u017c uczonym sk\u0142onnym do przeprowadzania w\u0142asnych obserwacji empirycznych \u2013 swoje informacje czerpa\u0142 przede wszystkim z wcze\u015bniejszych opracowa\u0144. Jego dzie\u0142a s\u0105 jednak pierwszymi \u015bci\u015ble krajoznawczymi traktatami napisanymi w dawnej Rzeczypospolitej, przez co stanowi\u0105 cenne \u017ar\u00f3d\u0142o wiedzy na temat sposobu, w jaki jej mieszka\u0144cy postrzegali otaczaj\u0105c\u0105 ich przyrod\u0119.<\/p>\n\n\n\n<figure class=\"wp-block-gallery columns-1 is-cropped\"><ul data-carousel-extra='{\"blog_id\":1,\"permalink\":\"https:\\\/\\\/laboratorium.al.uw.edu.pl\\\/bestiariusz\\\/biogramy\\\/gabriel-rzaczynski-1664-1737\\\/\"}' class=\"blocks-gallery-grid\"><li class=\"blocks-gallery-item\"><figure><img data-attachment-id=\"691\" data-permalink=\"https:\/\/laboratorium.al.uw.edu.pl\/bestiariusz\/ryc-7\/\" data-orig-file=\"https:\/\/laboratorium.al.uw.edu.pl\/bestiariusz\/wp-content\/uploads\/2021\/04\/ryc.-7.jpg\" data-orig-size=\"841,1314\" data-comments-opened=\"0\" data-image-meta=\"{&quot;aperture&quot;:&quot;0&quot;,&quot;credit&quot;:&quot;&quot;,&quot;camera&quot;:&quot;&quot;,&quot;caption&quot;:&quot;&quot;,&quot;created_timestamp&quot;:&quot;1619460852&quot;,&quot;copyright&quot;:&quot;&quot;,&quot;focal_length&quot;:&quot;0&quot;,&quot;iso&quot;:&quot;0&quot;,&quot;shutter_speed&quot;:&quot;0&quot;,&quot;title&quot;:&quot;&quot;,&quot;orientation&quot;:&quot;1&quot;}\" data-image-title=\"Gabriel Rz\u0105czy\u0144ski, Historia naturalis curiosa Regni Poloniae, Magni Ducatus Lituaniae, annexarumque provinciarum&#8230;, typis Collegii Soc. Jesu., Sandomiriae 1721.\" data-image-description=\"\" data-image-caption=\"\" data-medium-file=\"https:\/\/laboratorium.al.uw.edu.pl\/bestiariusz\/wp-content\/uploads\/2021\/04\/ryc.-7.jpg\" data-large-file=\"https:\/\/laboratorium.al.uw.edu.pl\/bestiariusz\/wp-content\/uploads\/2021\/04\/ryc.-7.jpg\" loading=\"lazy\" width=\"841\" height=\"1314\" src=\"https:\/\/laboratorium.al.uw.edu.pl\/bestiariusz\/wp-content\/uploads\/2021\/04\/ryc.-7.jpg?w=655\" alt=\"\" data-id=\"691\" data-link=\"https:\/\/laboratorium.al.uw.edu.pl\/bestiariusz\/ryc-7\/\" class=\"wp-image-691\" \/><figcaption class=\"blocks-gallery-item__caption\"><br><br><br>Gabriel Rz\u0105czy\u0144ski, <em>Historia naturalis curiosa Regni Poloniae, Magni Ducatus Lituaniae, annexarumque provinciarum<\/em>&#8230;, typis Collegii Soc. Jesu., Sandomiriae 1721.<\/figcaption><\/figure><\/li><\/ul><\/figure>\n\n\n\n<p><strong>Bibliografia:<\/strong><\/p>\n\n\n\n<ol type=\"1\"><li><em>Bibliografia Literatury Polskiej \u201eNowy Korbut\u201d<\/em>, red. Kazimierz Budzyk, t. 3, Pa\u0144stwowy Instytut Wydawniczy, Warszawa 1965, s. 197.<\/li><li>Piotr Daszkiewicz, Pascale Heurtel, <em>Historie de l\u2019exemplaire de <\/em>l\u2019Actuarium Histori\u00e6 naturalis Regni Poloni\u00e6 Magnique Ducat\u00fbs Lithuani\u00e6..<em>.<\/em> <em>de Georges-Leclerc Buffon (1707-1788) et quelques remarques sur l&#8217;edition du livre de Gabriel Rz\u0105czy\u0144ski<\/em>, \u201eOrganon\u201d, nr 35 (2006), s. 103\u2013113.<\/li><li>Zygmunt Fedorowicz, <em>Fauna Polski w dzie\u0142ach o. Gabriela Rz\u0105czy\u0144skiego T.J. (1664\u20131737)<\/em>, Zak\u0142ad Narodowy im. Ossoli\u0144skich \u2013 Wydawnictwo Polskiej Akademii Nauk, Wroc\u0142aw 1966.<\/li><li>Aleksander Maciesza<em>, G. Rz\u0105czy\u0144ski S.J. \u2013 pierwszy fizjograf Polski<\/em>, Polskie Towarzystwo Krajoznawcze, Sandomierz 1921.<\/li><\/ol>\n\n\n\n<p><strong>Autor<\/strong>: <\/p>\n\n\n\n<p>Albert Kozik<\/p>\n","protected":false},"excerpt":{"rendered":"<p>Jezuita i przyrodnik. Jako zr\u0119czny kompilator zdoby\u0142 s\u0142aw\u0119 w I po\u0142. XVIII wieku, tworz\u0105c obszerne \u0142aci\u0144skie kompendia fauny, flory i krajobraz\u00f3w dawnej Rzeczypospolitej. Gabriel Rz\u0105czy\u0144ski herbu \u015alepowron przyszed\u0142 na \u015bwiat na Podlasiu, cho\u0107 \u017cadne znane dzi\u015b \u017ar\u00f3d\u0142o historyczne nie zawiera informacji o dok\u0142adnym miejscu jego narodzin. W roku 1682, w wieku osiemnastu lat, wst\u0105pi\u0142 do&#8230; <\/p>\n<div class=\"link-more\"><a href=\"https:\/\/laboratorium.al.uw.edu.pl\/bestiariusz\/biogramy\/gabriel-rzaczynski-1664-1737\/\">Read More<\/a><\/div>\n","protected":false},"author":178586772,"featured_media":691,"parent":143,"menu_order":0,"comment_status":"closed","ping_status":"closed","template":"","meta":{"_coblocks_attr":"","_coblocks_dimensions":"","_coblocks_responsive_height":"","_coblocks_accordion_ie_support":"","advanced_seo_description":"","spay_email":"","_starter_page_template":""},"jetpack_likes_enabled":true,"jetpack_sharing_enabled":true,"jetpack_shortlink":"https:\/\/wp.me\/PbCgRD-8J","amp_enabled":true,"_links":{"self":[{"href":"https:\/\/laboratorium.al.uw.edu.pl\/bestiariusz\/wp-json\/wp\/v2\/pages\/541"}],"collection":[{"href":"https:\/\/laboratorium.al.uw.edu.pl\/bestiariusz\/wp-json\/wp\/v2\/pages"}],"about":[{"href":"https:\/\/laboratorium.al.uw.edu.pl\/bestiariusz\/wp-json\/wp\/v2\/types\/page"}],"author":[{"embeddable":true,"href":"https:\/\/laboratorium.al.uw.edu.pl\/bestiariusz\/wp-json\/wp\/v2\/users\/178586772"}],"replies":[{"embeddable":true,"href":"https:\/\/laboratorium.al.uw.edu.pl\/bestiariusz\/wp-json\/wp\/v2\/comments?post=541"}],"version-history":[{"count":9,"href":"https:\/\/laboratorium.al.uw.edu.pl\/bestiariusz\/wp-json\/wp\/v2\/pages\/541\/revisions"}],"predecessor-version":[{"id":742,"href":"https:\/\/laboratorium.al.uw.edu.pl\/bestiariusz\/wp-json\/wp\/v2\/pages\/541\/revisions\/742"}],"up":[{"embeddable":true,"href":"https:\/\/laboratorium.al.uw.edu.pl\/bestiariusz\/wp-json\/wp\/v2\/pages\/143"}],"wp:featuredmedia":[{"embeddable":true,"href":"https:\/\/laboratorium.al.uw.edu.pl\/bestiariusz\/wp-json\/wp\/v2\/media\/691"}],"wp:attachment":[{"href":"https:\/\/laboratorium.al.uw.edu.pl\/bestiariusz\/wp-json\/wp\/v2\/media?parent=541"}],"curies":[{"name":"wp","href":"https:\/\/api.w.org\/{rel}","templated":true}]}}